{"id":44,"date":"2019-04-01T08:05:57","date_gmt":"2019-04-01T05:05:57","guid":{"rendered":"http:\/\/avantage.bold-themes.com\/financial\/?page_id=44"},"modified":"2024-01-02T11:28:35","modified_gmt":"2024-01-02T08:28:35","slug":"contact","status":"publish","type":"page","link":"https:\/\/ikbutce.com\/?page_id=44","title":{"rendered":"\u0130leti\u015fim"},"content":{"rendered":"<section id=\"bt_bb_section69ddd1f71bbe5\" class=\"bt_bb_section bt_bb_layout_boxed_1200 bt_bb_vertical_align_top bt_bb_top_spacing_extra_large bt_bb_bottom_spacing_large\" style=\";background-color:#add5f8;background-position:center top;background-size:contain;\" data-bt-override-class=\"null\"><div class=\"bt_bb_background_image_holder_wrapper\"><div class=\"bt_bb_background_image_holder btLazyLoadBackground\"  data-background_image_src=\"https:\/\/ikbutce.com\/wp-content\/uploads\/2019\/04\/bgn-under-construction.png\" data-parallax-zoom-start=\"1\" data-parallax-zoom-end=\"1\" data-parallax-blur-start=\"0\" data-parallax-blur-end=\"0\" data-parallax-opacity-start=\"1\" data-parallax-opacity-end=\"1\" style=\" background-image: url(&#039;https:\/\/ikbutce.com\/wp-content\/plugins\/bold-page-builder\/img\/blank.gif&#039;);\"><\/div><\/div><div class=\"bt_bb_port\"><div class=\"bt_bb_cell\"><div class=\"bt_bb_cell_inner\"><div class=\"bt_bb_row_wrapper\"><div  class=\"bt_bb_row bt_bb_column_gap_40\"  data-bt-override-class=\"{}\"><div  class=\"bt_bb_column col-xl-6 bt_bb_align_left bt_bb_vertical_align_middle bt_bb_animation_fade_in zoom_out animate bt_bb_padding_normal bt_bb_animation_fade_in bt_bb_animation_zoom_out animate\"  data-width=\"6\" data-bt-override-class=\"{}\"><div class=\"bt_bb_column_content\"><header class=\"bt_bb_headline bt_bb_dash_top bt_bb_superheadline bt_bb_superheadline_outside bt_bb_subheadline bt_bb_size_large bt_bb_align_inherit\" data-bt-override-class=\"{&quot;bt_bb_size_&quot;:{&quot;current_class&quot;:&quot;bt_bb_size_large&quot;,&quot;xxl&quot;:&quot;large&quot;,&quot;xl&quot;:&quot;large&quot;},&quot;bt_bb_align_&quot;:{&quot;current_class&quot;:&quot;bt_bb_align_inherit&quot;,&quot;xxl&quot;:&quot;inherit&quot;,&quot;xl&quot;:&quot;inherit&quot;}}\"><div class=\"bt_bb_headline_superheadline_outside\"><span class=\"bt_bb_headline_superheadline\">B\u00fct\u00e7e Haz\u0131rlamak \u00c7ok Kolay<\/span><\/div><h3 class=\"bt_bb_headline_tag\"><span class=\"bt_bb_headline_content\"><span><b>Bizi Aray\u0131n<\/b><br \/>\r\n<u>Ziyaret Edin<\/u><\/span><\/span><\/h3><div class=\"bt_bb_headline_subheadline\">Sekt\u00f6rden gelen ve sekt\u00f6r\u00fcn ihtiya\u00e7lar\u0131n\u0131 \u00e7ok iyi bilen bir ekip taraf\u0131ndan haz\u0131rlanan yaz\u0131l\u0131m\u0131m\u0131z, t\u00fcm ihtiya\u00e7lar\u0131n\u0131z\u0131 kar\u0131\u015flamakta, i\u015f veriminizi ve zaman\u0131 size kazand\u0131rmaktad\u0131r.<\/div><\/header><div class=\"bt_bb_separator_v2 bt_bb_border_style_solid bt_bb_top_spacing_medium bt_bb_bottom_spacing_medium bt_bb_icon_size_normal bt_bb_text_size_normal bt_bb_separator_v2_without_content\" data-bt-override-class=\"null\"><div class=\"bt_bb_separator_v2_inner\"><span class=\"bt_bb_separator_v2_inner_before\"><\/span><span class=\"bt_bb_separator_v2_inner_content\"><span  data-ico-=\"&#x;\" class=\"bt_bb_icon_holder\"><\/span><\/span><span class=\"bt_bb_separator_v2_inner_after\"><\/span><\/div><\/div><div class=\"bt_bb_row_wrapper\"><div  class=\"bt_bb_row_inner\"  data-bt-override-class=\"{}\"><div  class=\"bt_bb_column_inner col-xl-6 bt_bb_align_left bt_bb_vertical_align_top\"  data-width=\"6\" data-bt-override-class=\"{}\"><div class=\"bt_bb_column_inner_content\"><div class=\"bt_bb_service bt_bb_color_scheme_3 bt_bb_style_borderless bt_bb_shape_circle bt_bb_size_large bt_bb_align_inherit bt_bb_vertical_align_top\" style=\"; --service-primary-color:#e74a3e; --service-secondary-color:#191919;\" data-bt-override-class=\"null\"><span  data-ico-economy=\"&#xe92f;\" class=\"bt_bb_icon_holder\"><\/span><div class=\"bt_bb_service_content\"><div class=\"bt_bb_service_content_title\"><u>Adres Bilgisi<\/u><\/div><div class=\"bt_bb_service_content_text\">Fener Mahallesi 1966 Sk. 14A \/ 2 Antalya - T\u00fcrkiye<\/div><\/div><\/div><div class=\"bt_bb_separator_v2 bt_bb_border_style_none bt_bb_top_spacing_small bt_bb_bottom_spacing_normal bt_bb_icon_size_normal bt_bb_text_size_normal bt_bb_separator_v2_without_content\" data-bt-override-class=\"null\"><div class=\"bt_bb_separator_v2_inner\"><span class=\"bt_bb_separator_v2_inner_before\"><\/span><span class=\"bt_bb_separator_v2_inner_content\"><span  data-ico-=\"&#x;\" class=\"bt_bb_icon_holder\"><\/span><\/span><span class=\"bt_bb_separator_v2_inner_after\"><\/span><\/div><\/div><\/div><\/div><div  class=\"bt_bb_column_inner col-xl-6 bt_bb_align_left bt_bb_vertical_align_top\"  data-width=\"6\" data-bt-override-class=\"{}\"><div class=\"bt_bb_column_inner_content\"><div class=\"bt_bb_service bt_bb_color_scheme_3 bt_bb_style_borderless bt_bb_shape_circle bt_bb_size_large bt_bb_align_inherit bt_bb_vertical_align_top\" style=\"; --service-primary-color:#e74a3e; --service-secondary-color:#191919;\" data-bt-override-class=\"null\"><span  data-ico-economy=\"&#xe913;\" class=\"bt_bb_icon_holder\"><\/span><div class=\"bt_bb_service_content\"><div class=\"bt_bb_service_content_title\"><u>Web Siteleri<\/u><\/div><div class=\"bt_bb_service_content_text\">www.ikbutce.com<br \/>\r\nwww.patikahrm.com<\/div><\/div><\/div><div class=\"bt_bb_separator_v2 bt_bb_border_style_none bt_bb_top_spacing_small bt_bb_bottom_spacing_normal bt_bb_icon_size_normal bt_bb_text_size_normal bt_bb_separator_v2_without_content\" data-bt-override-class=\"null\"><div class=\"bt_bb_separator_v2_inner\"><span class=\"bt_bb_separator_v2_inner_before\"><\/span><span class=\"bt_bb_separator_v2_inner_content\"><span  data-ico-=\"&#x;\" class=\"bt_bb_icon_holder\"><\/span><\/span><span class=\"bt_bb_separator_v2_inner_after\"><\/span><\/div><\/div><\/div><\/div><\/div><\/div><div class=\"bt_bb_row_wrapper\"><div  class=\"bt_bb_row_inner\"  data-bt-override-class=\"{}\"><div  class=\"bt_bb_column_inner col-xl-6 bt_bb_align_left bt_bb_vertical_align_top\"  data-width=\"6\" data-bt-override-class=\"{}\"><div class=\"bt_bb_column_inner_content\"><div class=\"bt_bb_service bt_bb_color_scheme_3 bt_bb_style_borderless bt_bb_shape_circle bt_bb_size_large bt_bb_align_inherit bt_bb_vertical_align_top\" style=\"; --service-primary-color:#e74a3e; --service-secondary-color:#191919;\" data-bt-override-class=\"null\"><span  data-ico-businesspeople=\"&#xe905;\" class=\"bt_bb_icon_holder\"><\/span><div class=\"bt_bb_service_content\"><div class=\"bt_bb_service_content_title\"><u>Email Adres<\/u><\/div><div class=\"bt_bb_service_content_text\">info@patikahrm.com<\/div><\/div><\/div><div class=\"bt_bb_separator_v2 bt_bb_border_style_none bt_bb_top_spacing_small bt_bb_bottom_spacing_normal bt_bb_icon_size_normal bt_bb_text_size_normal bt_bb_separator_v2_without_content bt_bb_hidden_md bt_bb_hidden_lg\" data-bt-override-class=\"null\"><div class=\"bt_bb_separator_v2_inner\"><span class=\"bt_bb_separator_v2_inner_before\"><\/span><span class=\"bt_bb_separator_v2_inner_content\"><span  data-ico-=\"&#x;\" class=\"bt_bb_icon_holder\"><\/span><\/span><span class=\"bt_bb_separator_v2_inner_after\"><\/span><\/div><\/div><\/div><\/div><div  class=\"bt_bb_column_inner col-xl-6 bt_bb_align_left bt_bb_vertical_align_top\"  data-width=\"6\" data-bt-override-class=\"{}\"><div class=\"bt_bb_column_inner_content\"><div class=\"bt_bb_service bt_bb_color_scheme_3 bt_bb_style_borderless bt_bb_shape_circle bt_bb_size_large bt_bb_align_inherit bt_bb_vertical_align_top\" style=\"; --service-primary-color:#e74a3e; --service-secondary-color:#191919;\" data-bt-override-class=\"null\"><span  data-ico-economy=\"&#xe91f;\" class=\"bt_bb_icon_holder\"><\/span><div class=\"bt_bb_service_content\"><div class=\"bt_bb_service_content_title\"><u>Telefon No:<\/u><\/div><div class=\"bt_bb_service_content_text\">+90 242 323 34 04<\/div><\/div><\/div><\/div><\/div><\/div><\/div><\/div><\/div><div  class=\"bt_bb_column col-xl-6 bt_bb_align_center bt_bb_vertical_align_middle bt_bb_animation_fade_in animate bt_bb_padding_normal bt_bb_animation_fade_in animate\"  data-width=\"6\" data-bt-override-class=\"{}\"><div class=\"bt_bb_column_content\"><div class=\"bt_bb_separator_v2 bt_bb_border_style_none bt_bb_bottom_spacing_normal bt_bb_icon_size_normal bt_bb_text_size_normal bt_bb_separator_v2_without_content bt_bb_hidden_md bt_bb_hidden_lg\" data-bt-override-class=\"null\"><div class=\"bt_bb_separator_v2_inner\"><span class=\"bt_bb_separator_v2_inner_before\"><\/span><span class=\"bt_bb_separator_v2_inner_content\"><span  data-ico-=\"&#x;\" class=\"bt_bb_icon_holder\"><\/span><\/span><span class=\"bt_bb_separator_v2_inner_after\"><\/span><\/div><\/div><div class=\"bt_bb_image bt_bb_shape_square bt_bb_target_self bt_bb_align_inherit bt_bb_hover_style_simple bt_bb_content_display_always bt_bb_content_align_middle\" data-bt-override-class=\"{}\"><span><img width=\"800\" height=\"841\" src=\"https:\/\/ikbutce.com\/wp-content\/uploads\/2019\/05\/img-contact.png\" class=\"attachment-full size-full\" alt=\"https:\/\/ikbutce.com\/wp-content\/uploads\/2019\/05\/img-contact.png\" loading=\"lazy\" data-full_image_src=\"https:\/\/ikbutce.com\/wp-content\/uploads\/2019\/05\/img-contact.png\" title=\"img-contact\" srcset=\"https:\/\/ikbutce.com\/wp-content\/uploads\/2019\/05\/img-contact.png 800w, https:\/\/ikbutce.com\/wp-content\/uploads\/2019\/05\/img-contact-640x673.png 640w, https:\/\/ikbutce.com\/wp-content\/uploads\/2019\/05\/img-contact-768x807.png 768w, https:\/\/ikbutce.com\/wp-content\/uploads\/2019\/05\/img-contact-320x336.png 320w\" sizes=\"(max-width: 800px) 100vw, 800px\" \/><\/span><\/div><\/div><\/div><\/div><\/div><div class=\"bt_bb_row_wrapper\"><div  class=\"bt_bb_row\"  data-bt-override-class=\"{}\"><div  class=\"bt_bb_column col-xl-12 bt_bb_align_left bt_bb_vertical_align_top bt_bb_padding_normal\"  data-width=\"12\" data-bt-override-class=\"{}\"><div class=\"bt_bb_column_content\"><div class=\"bt_bb_separator_v2 bt_bb_border_style_none bt_bb_bottom_spacing_large bt_bb_icon_size_normal bt_bb_text_size_normal bt_bb_separator_v2_without_content\" data-bt-override-class=\"null\"><div class=\"bt_bb_separator_v2_inner\"><span class=\"bt_bb_separator_v2_inner_before\"><\/span><span class=\"bt_bb_separator_v2_inner_content\"><span  data-ico-=\"&#x;\" class=\"bt_bb_icon_holder\"><\/span><\/span><span class=\"bt_bb_separator_v2_inner_after\"><\/span><\/div><\/div><\/div><\/div><\/div><\/div><div class=\"bt_bb_row_wrapper\"><div  class=\"bt_bb_row bt_bb_column_gap_40\"  data-bt-override-class=\"{}\"><div  class=\"bt_bb_column col-xl-6 bt_bb_align_left bt_bb_vertical_align_middle bt_bb_animation_fade_in move_up animate bt_bb_padding_normal bt_bb_animation_fade_in bt_bb_animation_move_up animate\"  data-width=\"6\" data-bt-override-class=\"{}\"><div class=\"bt_bb_column_content\"><div class=\"bt_bb_separator_v2 bt_bb_border_style_none bt_bb_bottom_spacing_normal bt_bb_icon_size_normal bt_bb_text_size_normal bt_bb_separator_v2_without_content bt_bb_hidden_md bt_bb_hidden_lg\" data-bt-override-class=\"null\"><div class=\"bt_bb_separator_v2_inner\"><span class=\"bt_bb_separator_v2_inner_before\"><\/span><span class=\"bt_bb_separator_v2_inner_content\"><span  data-ico-=\"&#x;\" class=\"bt_bb_icon_holder\"><\/span><\/span><span class=\"bt_bb_separator_v2_inner_after\"><\/span><\/div><\/div><div  class=\"bt_bb_text\" ><p><iframe loading=\"lazy\" src=\"https:\/\/www.google.com\/maps\/embed?pb=!1m18!1m12!1m3!1d3192.6822305520823!2d30.75272751529124!3d36.850085779938276!2m3!1f0!2f0!3f0!3m2!1i1024!2i768!4f13.1!3m3!1m2!1s0x14c39ae3019e0fa3%3A0x913b4a878a9fe77a!2sFener%2C%201966.%20Sk.%20No%3A14%2C%2007160%20Muratpa%C5%9Fa%2FAntalya!5e0!3m2!1str!2str!4v1621232338296!5m2!1str!2str\" width=\"450\" height=\"450\"><\/iframe><\/p>\n<\/div><\/div><\/div><div  class=\"bt_bb_column col-xl-6 bt_bb_align_left bt_bb_vertical_align_middle bt_bb_animation_fade_in zoom_out animate bt_bb_padding_normal bt_bb_animation_fade_in bt_bb_animation_zoom_out animate\"  data-width=\"6\" data-bt-override-class=\"{}\"><div class=\"bt_bb_column_content\"><header class=\"bt_bb_headline bt_bb_dash_top bt_bb_superheadline bt_bb_superheadline_outside bt_bb_subheadline bt_bb_size_large bt_bb_align_inherit\" data-bt-override-class=\"{&quot;bt_bb_size_&quot;:{&quot;current_class&quot;:&quot;bt_bb_size_large&quot;,&quot;xxl&quot;:&quot;large&quot;,&quot;xl&quot;:&quot;large&quot;},&quot;bt_bb_align_&quot;:{&quot;current_class&quot;:&quot;bt_bb_align_inherit&quot;,&quot;xxl&quot;:&quot;inherit&quot;,&quot;xl&quot;:&quot;inherit&quot;}}\"><div class=\"bt_bb_headline_superheadline_outside\"><span class=\"bt_bb_headline_superheadline\">Bize kolayl\u0131kla ula\u015f\u0131n<\/span><\/div><h3 class=\"bt_bb_headline_tag\"><span class=\"bt_bb_headline_content\"><span><b>Formu<\/b> <u>l\u00fctfen doldurun.<\/u><\/span><\/span><\/h3><div class=\"bt_bb_headline_subheadline\">Formu eksiksiz doldurun. M\u00fc\u015fteri temsilcimiz en k\u0131sa zamanda sizinle ba\u011flant\u0131ya ge\u00e7ecektir.<\/div><\/header><div class=\"bt_bb_separator_v2 bt_bb_border_style_none bt_bb_bottom_spacing_normal bt_bb_icon_size_normal bt_bb_text_size_normal bt_bb_separator_v2_without_content\" data-bt-override-class=\"null\"><div class=\"bt_bb_separator_v2_inner\"><span class=\"bt_bb_separator_v2_inner_before\"><\/span><span class=\"bt_bb_separator_v2_inner_content\"><span  data-ico-=\"&#x;\" class=\"bt_bb_icon_holder\"><\/span><\/span><span class=\"bt_bb_separator_v2_inner_after\"><\/span><\/div><\/div><div class=\"bt_bb_contact_form_7\">[contact-form-7 id=\"2291\"]<\/div><\/div><\/div><\/div><\/div><\/div><!-- cell_inner --><\/div><!-- cell --><\/div><!-- port --><\/section>","protected":false},"excerpt":{"rendered":"<p>Completely synergize resource taxing relationships via premier niche markets. Professionally cultivate one-to-one customer service with robust ideas. Dynamically innovate resource-leveling customer service for state of the art customer service.<\/p>\n","protected":false},"author":1,"featured_media":0,"parent":0,"menu_order":0,"comment_status":"closed","ping_status":"closed","template":"","meta":[],"_links":{"self":[{"href":"https:\/\/ikbutce.com\/index.php?rest_route=\/wp\/v2\/pages\/44"}],"collection":[{"href":"https:\/\/ikbutce.com\/index.php?rest_route=\/wp\/v2\/pages"}],"about":[{"href":"https:\/\/ikbutce.com\/index.php?rest_route=\/wp\/v2\/types\/page"}],"author":[{"embeddable":true,"href":"https:\/\/ikbutce.com\/index.php?rest_route=\/wp\/v2\/users\/1"}],"replies":[{"embeddable":true,"href":"https:\/\/ikbutce.com\/index.php?rest_route=%2Fwp%2Fv2%2Fcomments&post=44"}],"version-history":[{"count":10,"href":"https:\/\/ikbutce.com\/index.php?rest_route=\/wp\/v2\/pages\/44\/revisions"}],"predecessor-version":[{"id":3475,"href":"https:\/\/ikbutce.com\/index.php?rest_route=\/wp\/v2\/pages\/44\/revisions\/3475"}],"wp:attachment":[{"href":"https:\/\/ikbutce.com\/index.php?rest_route=%2Fwp%2Fv2%2Fmedia&parent=44"}],"curies":[{"name":"wp","href":"https:\/\/api.w.org\/{rel}","templated":true}]}}